{"id":2900,"date":"2025-07-25T18:29:17","date_gmt":"2025-07-25T18:29:17","guid":{"rendered":"https:\/\/marabjapx.com\/index.php\/product\/sant-pulsera-ajustable-oggun-verde-con-negro\/"},"modified":"2025-10-12T00:17:02","modified_gmt":"2025-10-12T00:17:02","slug":"sant-pulsera-ajustable-oggun-verde-con-negro","status":"publish","type":"product","link":"https:\/\/marabjapx.com\/index.php\/product\/sant-pulsera-ajustable-oggun-verde-con-negro\/","title":{"rendered":"SANT pulsera ajustable oggun verde con negro"},"content":{"rendered":"","protected":false},"excerpt":{"rendered":"<p>\u2728 Santer\u00eda Yoruba \u2728Conecta con la energ\u00eda ancestral a trav\u00e9s de rituales sagrados, deidades poderosas y elementos cargados de misticismo. La santer\u00eda no es solo fe, es energ\u00eda viva que transforma, protege y gu\u00eda. \ud83d\udd6f\ufe0f\ud83c\udf3f\ud83d\udd2e<\/p>\n","protected":false},"featured_media":2626,"comment_status":"open","ping_status":"closed","template":"","meta":[],"etheme_brands":[],"product_brand":[],"product_cat":[79],"product_tag":[92,84,45,80,81,82,83,56],"class_list":{"0":"post-2900","1":"product","2":"type-product","3":"status-publish","4":"has-post-thumbnail","6":"product_cat-santeria","7":"product_tag-aguardiente","8":"product_tag-collares","9":"product_tag-elegua","10":"product_tag-herraduras","11":"product_tag-ofrenda","12":"product_tag-orula","13":"product_tag-pulsera","14":"product_tag-santeria","16":"first","17":"instock","18":"shipping-taxable","19":"purchasable","20":"product-type-simple"},"yoast_head":"<!-- This site is optimized with the Yoast SEO Premium plugin v23.4 (Yoast SEO v23.4) - https:\/\/yoast.com\/wordpress\/plugins\/seo\/ -->\n<title>SANT pulsera ajustable oggun verde con negro - MarabJapx Esoterismo<\/title>\n<meta name=\"robots\" content=\"index, follow, max-snippet:-1, max-image-preview:large, max-video-preview:-1\" \/>\n<link rel=\"canonical\" href=\"https:\/\/marabjapx.com\/index.php\/product\/sant-pulsera-ajustable-oggun-verde-con-negro\/\" \/>\n<meta property=\"og:locale\" content=\"es_MX\" \/>\n<meta property=\"og:type\" content=\"article\" \/>\n<meta property=\"og:title\" content=\"SANT pulsera ajustable oggun verde con negro\" \/>\n<meta property=\"og:description\" content=\"\u2728 Santer\u00eda Yoruba \u2728Conecta con la energ\u00eda ancestral a trav\u00e9s de rituales sagrados, deidades poderosas y elementos cargados de misticismo. La santer\u00eda no es solo fe, es energ\u00eda viva que transforma, protege y gu\u00eda. \ud83d\udd6f\ufe0f\ud83c\udf3f\ud83d\udd2e\" \/>\n<meta property=\"og:url\" content=\"https:\/\/marabjapx.com\/index.php\/product\/sant-pulsera-ajustable-oggun-verde-con-negro\/\" \/>\n<meta property=\"og:site_name\" content=\"MarabJapx Esoterismo\" \/>\n<meta property=\"article:modified_time\" content=\"2025-10-12T00:17:02+00:00\" \/>\n<meta property=\"og:image\" content=\"https:\/\/marabjapx.com\/wp-content\/uploads\/2025\/07\/Esoterismo-2.jpg\" \/>\n\t<meta property=\"og:image:width\" content=\"1080\" \/>\n\t<meta property=\"og:image:height\" content=\"1080\" \/>\n\t<meta property=\"og:image:type\" content=\"image\/jpeg\" \/>\n<meta name=\"twitter:card\" content=\"summary_large_image\" \/>\n<script type=\"application\/ld+json\" class=\"yoast-schema-graph\">{\"@context\":\"https:\/\/schema.org\",\"@graph\":[{\"@type\":\"WebPage\",\"@id\":\"https:\/\/marabjapx.com\/index.php\/product\/sant-pulsera-ajustable-oggun-verde-con-negro\/\",\"url\":\"https:\/\/marabjapx.com\/index.php\/product\/sant-pulsera-ajustable-oggun-verde-con-negro\/\",\"name\":\"SANT pulsera ajustable oggun verde con negro - MarabJapx Esoterismo\",\"isPartOf\":{\"@id\":\"https:\/\/marabjapx.com\/#website\"},\"primaryImageOfPage\":{\"@id\":\"https:\/\/marabjapx.com\/index.php\/product\/sant-pulsera-ajustable-oggun-verde-con-negro\/#primaryimage\"},\"image\":{\"@id\":\"https:\/\/marabjapx.com\/index.php\/product\/sant-pulsera-ajustable-oggun-verde-con-negro\/#primaryimage\"},\"thumbnailUrl\":\"https:\/\/marabjapx.com\/wp-content\/uploads\/2025\/07\/SANT-pulsera-ajustable-oggun-verde-con-negro-scaled.jpeg\",\"datePublished\":\"2025-07-25T18:29:17+00:00\",\"dateModified\":\"2025-10-12T00:17:02+00:00\",\"breadcrumb\":{\"@id\":\"https:\/\/marabjapx.com\/index.php\/product\/sant-pulsera-ajustable-oggun-verde-con-negro\/#breadcrumb\"},\"inLanguage\":\"es\",\"potentialAction\":[{\"@type\":\"ReadAction\",\"target\":[\"https:\/\/marabjapx.com\/index.php\/product\/sant-pulsera-ajustable-oggun-verde-con-negro\/\"]}]},{\"@type\":\"ImageObject\",\"inLanguage\":\"es\",\"@id\":\"https:\/\/marabjapx.com\/index.php\/product\/sant-pulsera-ajustable-oggun-verde-con-negro\/#primaryimage\",\"url\":\"https:\/\/marabjapx.com\/wp-content\/uploads\/2025\/07\/SANT-pulsera-ajustable-oggun-verde-con-negro-scaled.jpeg\",\"contentUrl\":\"https:\/\/marabjapx.com\/wp-content\/uploads\/2025\/07\/SANT-pulsera-ajustable-oggun-verde-con-negro-scaled.jpeg\",\"width\":1920,\"height\":2560},{\"@type\":\"BreadcrumbList\",\"@id\":\"https:\/\/marabjapx.com\/index.php\/product\/sant-pulsera-ajustable-oggun-verde-con-negro\/#breadcrumb\",\"itemListElement\":[{\"@type\":\"ListItem\",\"position\":1,\"name\":\"Home\",\"item\":\"https:\/\/marabjapx.com\/\"},{\"@type\":\"ListItem\",\"position\":2,\"name\":\"Shop\",\"item\":\"https:\/\/marabjapx.com\/index.php\/shop\/\"},{\"@type\":\"ListItem\",\"position\":3,\"name\":\"SANT pulsera ajustable oggun verde con negro\"}]},{\"@type\":\"WebSite\",\"@id\":\"https:\/\/marabjapx.com\/#website\",\"url\":\"https:\/\/marabjapx.com\/\",\"name\":\"MarabJapx Esoterismo\",\"description\":\"MarabJapx Esoterismo\",\"alternateName\":\"MarabJapx Esoterismo\",\"potentialAction\":[{\"@type\":\"SearchAction\",\"target\":{\"@type\":\"EntryPoint\",\"urlTemplate\":\"https:\/\/marabjapx.com\/?s={search_term_string}\"},\"query-input\":{\"@type\":\"PropertyValueSpecification\",\"valueRequired\":true,\"valueName\":\"search_term_string\"}}],\"inLanguage\":\"es\"}]}<\/script>\n<!-- \/ Yoast SEO Premium plugin. -->","yoast_head_json":{"title":"SANT pulsera ajustable oggun verde con negro - MarabJapx Esoterismo","robots":{"index":"index","follow":"follow","max-snippet":"max-snippet:-1","max-image-preview":"max-image-preview:large","max-video-preview":"max-video-preview:-1"},"canonical":"https:\/\/marabjapx.com\/index.php\/product\/sant-pulsera-ajustable-oggun-verde-con-negro\/","og_locale":"es_MX","og_type":"article","og_title":"SANT pulsera ajustable oggun verde con negro","og_description":"\u2728 Santer\u00eda Yoruba \u2728Conecta con la energ\u00eda ancestral a trav\u00e9s de rituales sagrados, deidades poderosas y elementos cargados de misticismo. La santer\u00eda no es solo fe, es energ\u00eda viva que transforma, protege y gu\u00eda. \ud83d\udd6f\ufe0f\ud83c\udf3f\ud83d\udd2e","og_url":"https:\/\/marabjapx.com\/index.php\/product\/sant-pulsera-ajustable-oggun-verde-con-negro\/","og_site_name":"MarabJapx Esoterismo","article_modified_time":"2025-10-12T00:17:02+00:00","og_image":[{"width":1080,"height":1080,"url":"https:\/\/marabjapx.com\/wp-content\/uploads\/2025\/07\/Esoterismo-2.jpg","type":"image\/jpeg"}],"twitter_card":"summary_large_image","schema":{"@context":"https:\/\/schema.org","@graph":[{"@type":"WebPage","@id":"https:\/\/marabjapx.com\/index.php\/product\/sant-pulsera-ajustable-oggun-verde-con-negro\/","url":"https:\/\/marabjapx.com\/index.php\/product\/sant-pulsera-ajustable-oggun-verde-con-negro\/","name":"SANT pulsera ajustable oggun verde con negro - MarabJapx Esoterismo","isPartOf":{"@id":"https:\/\/marabjapx.com\/#website"},"primaryImageOfPage":{"@id":"https:\/\/marabjapx.com\/index.php\/product\/sant-pulsera-ajustable-oggun-verde-con-negro\/#primaryimage"},"image":{"@id":"https:\/\/marabjapx.com\/index.php\/product\/sant-pulsera-ajustable-oggun-verde-con-negro\/#primaryimage"},"thumbnailUrl":"https:\/\/marabjapx.com\/wp-content\/uploads\/2025\/07\/SANT-pulsera-ajustable-oggun-verde-con-negro-scaled.jpeg","datePublished":"2025-07-25T18:29:17+00:00","dateModified":"2025-10-12T00:17:02+00:00","breadcrumb":{"@id":"https:\/\/marabjapx.com\/index.php\/product\/sant-pulsera-ajustable-oggun-verde-con-negro\/#breadcrumb"},"inLanguage":"es","potentialAction":[{"@type":"ReadAction","target":["https:\/\/marabjapx.com\/index.php\/product\/sant-pulsera-ajustable-oggun-verde-con-negro\/"]}]},{"@type":"ImageObject","inLanguage":"es","@id":"https:\/\/marabjapx.com\/index.php\/product\/sant-pulsera-ajustable-oggun-verde-con-negro\/#primaryimage","url":"https:\/\/marabjapx.com\/wp-content\/uploads\/2025\/07\/SANT-pulsera-ajustable-oggun-verde-con-negro-scaled.jpeg","contentUrl":"https:\/\/marabjapx.com\/wp-content\/uploads\/2025\/07\/SANT-pulsera-ajustable-oggun-verde-con-negro-scaled.jpeg","width":1920,"height":2560},{"@type":"BreadcrumbList","@id":"https:\/\/marabjapx.com\/index.php\/product\/sant-pulsera-ajustable-oggun-verde-con-negro\/#breadcrumb","itemListElement":[{"@type":"ListItem","position":1,"name":"Home","item":"https:\/\/marabjapx.com\/"},{"@type":"ListItem","position":2,"name":"Shop","item":"https:\/\/marabjapx.com\/index.php\/shop\/"},{"@type":"ListItem","position":3,"name":"SANT pulsera ajustable oggun verde con negro"}]},{"@type":"WebSite","@id":"https:\/\/marabjapx.com\/#website","url":"https:\/\/marabjapx.com\/","name":"MarabJapx Esoterismo","description":"MarabJapx Esoterismo","alternateName":"MarabJapx Esoterismo","potentialAction":[{"@type":"SearchAction","target":{"@type":"EntryPoint","urlTemplate":"https:\/\/marabjapx.com\/?s={search_term_string}"},"query-input":{"@type":"PropertyValueSpecification","valueRequired":true,"valueName":"search_term_string"}}],"inLanguage":"es"}]}},"_links":{"self":[{"href":"https:\/\/marabjapx.com\/index.php\/wp-json\/wp\/v2\/product\/2900","targetHints":{"allow":["GET"]}}],"collection":[{"href":"https:\/\/marabjapx.com\/index.php\/wp-json\/wp\/v2\/product"}],"about":[{"href":"https:\/\/marabjapx.com\/index.php\/wp-json\/wp\/v2\/types\/product"}],"replies":[{"embeddable":true,"href":"https:\/\/marabjapx.com\/index.php\/wp-json\/wp\/v2\/comments?post=2900"}],"version-history":[{"count":0,"href":"https:\/\/marabjapx.com\/index.php\/wp-json\/wp\/v2\/product\/2900\/revisions"}],"wp:featuredmedia":[{"embeddable":true,"href":"https:\/\/marabjapx.com\/index.php\/wp-json\/wp\/v2\/media\/2626"}],"wp:attachment":[{"href":"https:\/\/marabjapx.com\/index.php\/wp-json\/wp\/v2\/media?parent=2900"}],"wp:term":[{"taxonomy":"brand","embeddable":true,"href":"https:\/\/marabjapx.com\/index.php\/wp-json\/wp\/v2\/etheme_brands?post=2900"},{"taxonomy":"product_brand","embeddable":true,"href":"https:\/\/marabjapx.com\/index.php\/wp-json\/wp\/v2\/product_brand?post=2900"},{"taxonomy":"product_cat","embeddable":true,"href":"https:\/\/marabjapx.com\/index.php\/wp-json\/wp\/v2\/product_cat?post=2900"},{"taxonomy":"product_tag","embeddable":true,"href":"https:\/\/marabjapx.com\/index.php\/wp-json\/wp\/v2\/product_tag?post=2900"}],"curies":[{"name":"wp","href":"https:\/\/api.w.org\/{rel}","templated":true}]}}