{"id":3302,"date":"2025-07-29T17:37:33","date_gmt":"2025-07-29T17:37:33","guid":{"rendered":"https:\/\/marabjapx.com\/index.php\/product\/coc-abre-camino\/"},"modified":"2025-07-29T17:37:33","modified_gmt":"2025-07-29T17:37:33","slug":"coc-abre-camino","status":"publish","type":"product","link":"https:\/\/marabjapx.com\/index.php\/product\/coc-abre-camino\/","title":{"rendered":"COC abre camino"},"content":{"rendered":"","protected":false},"excerpt":{"rendered":"<p>\u201c\u2728 Enciende la energ\u00eda de tus deseos con nuestras Veladoras de Cocktail. Aromas \u00fanicos y poder m\u00edstico para atraer amor, prosperidad y \u00e9xito. \u00a1Deja que la magia ilumine tu camino! \ud83d\udd2e\ud83d\udd6f\ufe0f\u201d<\/p>\n","protected":false},"featured_media":3281,"comment_status":"open","ping_status":"closed","template":"","meta":[],"etheme_brands":[],"product_brand":[],"product_cat":[35],"product_tag":[93,51,52,63,53,55],"class_list":{"0":"post-3302","1":"product","2":"type-product","3":"status-publish","4":"has-post-thumbnail","6":"product_cat-veladoras-de-cocktail","7":"product_tag-abre-camino","8":"product_tag-amor","9":"product_tag-dinero","10":"product_tag-proteccion","11":"product_tag-salud","12":"product_tag-veladora","14":"first","15":"instock","16":"shipping-taxable","17":"purchasable","18":"product-type-simple"},"yoast_head":"<!-- This site is optimized with the Yoast SEO Premium plugin v23.4 (Yoast SEO v23.4) - https:\/\/yoast.com\/wordpress\/plugins\/seo\/ -->\n<title>COC abre camino - MarabJapx Esoterismo<\/title>\n<meta name=\"robots\" content=\"index, follow, max-snippet:-1, max-image-preview:large, max-video-preview:-1\" \/>\n<link rel=\"canonical\" href=\"https:\/\/marabjapx.com\/index.php\/product\/coc-abre-camino\/\" \/>\n<meta property=\"og:locale\" content=\"es_MX\" \/>\n<meta property=\"og:type\" content=\"article\" \/>\n<meta property=\"og:title\" content=\"COC abre camino\" \/>\n<meta property=\"og:description\" content=\"\u201c\u2728 Enciende la energ\u00eda de tus deseos con nuestras Veladoras de Cocktail. Aromas \u00fanicos y poder m\u00edstico para atraer amor, prosperidad y \u00e9xito. \u00a1Deja que la magia ilumine tu camino! \ud83d\udd2e\ud83d\udd6f\ufe0f\u201d\" \/>\n<meta property=\"og:url\" content=\"https:\/\/marabjapx.com\/index.php\/product\/coc-abre-camino\/\" \/>\n<meta property=\"og:site_name\" content=\"MarabJapx Esoterismo\" \/>\n<meta property=\"og:image\" content=\"https:\/\/marabjapx.com\/wp-content\/uploads\/2025\/07\/Esoterismo-2.jpg\" \/>\n\t<meta property=\"og:image:width\" content=\"1080\" \/>\n\t<meta property=\"og:image:height\" content=\"1080\" \/>\n\t<meta property=\"og:image:type\" content=\"image\/jpeg\" \/>\n<meta name=\"twitter:card\" content=\"summary_large_image\" \/>\n<script type=\"application\/ld+json\" class=\"yoast-schema-graph\">{\"@context\":\"https:\/\/schema.org\",\"@graph\":[{\"@type\":\"WebPage\",\"@id\":\"https:\/\/marabjapx.com\/index.php\/product\/coc-abre-camino\/\",\"url\":\"https:\/\/marabjapx.com\/index.php\/product\/coc-abre-camino\/\",\"name\":\"COC abre camino - MarabJapx Esoterismo\",\"isPartOf\":{\"@id\":\"https:\/\/marabjapx.com\/#website\"},\"primaryImageOfPage\":{\"@id\":\"https:\/\/marabjapx.com\/index.php\/product\/coc-abre-camino\/#primaryimage\"},\"image\":{\"@id\":\"https:\/\/marabjapx.com\/index.php\/product\/coc-abre-camino\/#primaryimage\"},\"thumbnailUrl\":\"https:\/\/marabjapx.com\/wp-content\/uploads\/2025\/07\/COC-abre-camino--scaled.jpeg\",\"datePublished\":\"2025-07-29T17:37:33+00:00\",\"dateModified\":\"2025-07-29T17:37:33+00:00\",\"breadcrumb\":{\"@id\":\"https:\/\/marabjapx.com\/index.php\/product\/coc-abre-camino\/#breadcrumb\"},\"inLanguage\":\"es\",\"potentialAction\":[{\"@type\":\"ReadAction\",\"target\":[\"https:\/\/marabjapx.com\/index.php\/product\/coc-abre-camino\/\"]}]},{\"@type\":\"ImageObject\",\"inLanguage\":\"es\",\"@id\":\"https:\/\/marabjapx.com\/index.php\/product\/coc-abre-camino\/#primaryimage\",\"url\":\"https:\/\/marabjapx.com\/wp-content\/uploads\/2025\/07\/COC-abre-camino--scaled.jpeg\",\"contentUrl\":\"https:\/\/marabjapx.com\/wp-content\/uploads\/2025\/07\/COC-abre-camino--scaled.jpeg\",\"width\":1920,\"height\":2560},{\"@type\":\"BreadcrumbList\",\"@id\":\"https:\/\/marabjapx.com\/index.php\/product\/coc-abre-camino\/#breadcrumb\",\"itemListElement\":[{\"@type\":\"ListItem\",\"position\":1,\"name\":\"Home\",\"item\":\"https:\/\/marabjapx.com\/\"},{\"@type\":\"ListItem\",\"position\":2,\"name\":\"Shop\",\"item\":\"https:\/\/marabjapx.com\/index.php\/shop\/\"},{\"@type\":\"ListItem\",\"position\":3,\"name\":\"COC abre camino\"}]},{\"@type\":\"WebSite\",\"@id\":\"https:\/\/marabjapx.com\/#website\",\"url\":\"https:\/\/marabjapx.com\/\",\"name\":\"MarabJapx Esoterismo\",\"description\":\"MarabJapx Esoterismo\",\"alternateName\":\"MarabJapx Esoterismo\",\"potentialAction\":[{\"@type\":\"SearchAction\",\"target\":{\"@type\":\"EntryPoint\",\"urlTemplate\":\"https:\/\/marabjapx.com\/?s={search_term_string}\"},\"query-input\":{\"@type\":\"PropertyValueSpecification\",\"valueRequired\":true,\"valueName\":\"search_term_string\"}}],\"inLanguage\":\"es\"}]}<\/script>\n<!-- \/ Yoast SEO Premium plugin. -->","yoast_head_json":{"title":"COC abre camino - MarabJapx Esoterismo","robots":{"index":"index","follow":"follow","max-snippet":"max-snippet:-1","max-image-preview":"max-image-preview:large","max-video-preview":"max-video-preview:-1"},"canonical":"https:\/\/marabjapx.com\/index.php\/product\/coc-abre-camino\/","og_locale":"es_MX","og_type":"article","og_title":"COC abre camino","og_description":"\u201c\u2728 Enciende la energ\u00eda de tus deseos con nuestras Veladoras de Cocktail. Aromas \u00fanicos y poder m\u00edstico para atraer amor, prosperidad y \u00e9xito. \u00a1Deja que la magia ilumine tu camino! \ud83d\udd2e\ud83d\udd6f\ufe0f\u201d","og_url":"https:\/\/marabjapx.com\/index.php\/product\/coc-abre-camino\/","og_site_name":"MarabJapx Esoterismo","og_image":[{"width":1080,"height":1080,"url":"https:\/\/marabjapx.com\/wp-content\/uploads\/2025\/07\/Esoterismo-2.jpg","type":"image\/jpeg"}],"twitter_card":"summary_large_image","schema":{"@context":"https:\/\/schema.org","@graph":[{"@type":"WebPage","@id":"https:\/\/marabjapx.com\/index.php\/product\/coc-abre-camino\/","url":"https:\/\/marabjapx.com\/index.php\/product\/coc-abre-camino\/","name":"COC abre camino - MarabJapx Esoterismo","isPartOf":{"@id":"https:\/\/marabjapx.com\/#website"},"primaryImageOfPage":{"@id":"https:\/\/marabjapx.com\/index.php\/product\/coc-abre-camino\/#primaryimage"},"image":{"@id":"https:\/\/marabjapx.com\/index.php\/product\/coc-abre-camino\/#primaryimage"},"thumbnailUrl":"https:\/\/marabjapx.com\/wp-content\/uploads\/2025\/07\/COC-abre-camino--scaled.jpeg","datePublished":"2025-07-29T17:37:33+00:00","dateModified":"2025-07-29T17:37:33+00:00","breadcrumb":{"@id":"https:\/\/marabjapx.com\/index.php\/product\/coc-abre-camino\/#breadcrumb"},"inLanguage":"es","potentialAction":[{"@type":"ReadAction","target":["https:\/\/marabjapx.com\/index.php\/product\/coc-abre-camino\/"]}]},{"@type":"ImageObject","inLanguage":"es","@id":"https:\/\/marabjapx.com\/index.php\/product\/coc-abre-camino\/#primaryimage","url":"https:\/\/marabjapx.com\/wp-content\/uploads\/2025\/07\/COC-abre-camino--scaled.jpeg","contentUrl":"https:\/\/marabjapx.com\/wp-content\/uploads\/2025\/07\/COC-abre-camino--scaled.jpeg","width":1920,"height":2560},{"@type":"BreadcrumbList","@id":"https:\/\/marabjapx.com\/index.php\/product\/coc-abre-camino\/#breadcrumb","itemListElement":[{"@type":"ListItem","position":1,"name":"Home","item":"https:\/\/marabjapx.com\/"},{"@type":"ListItem","position":2,"name":"Shop","item":"https:\/\/marabjapx.com\/index.php\/shop\/"},{"@type":"ListItem","position":3,"name":"COC abre camino"}]},{"@type":"WebSite","@id":"https:\/\/marabjapx.com\/#website","url":"https:\/\/marabjapx.com\/","name":"MarabJapx Esoterismo","description":"MarabJapx Esoterismo","alternateName":"MarabJapx Esoterismo","potentialAction":[{"@type":"SearchAction","target":{"@type":"EntryPoint","urlTemplate":"https:\/\/marabjapx.com\/?s={search_term_string}"},"query-input":{"@type":"PropertyValueSpecification","valueRequired":true,"valueName":"search_term_string"}}],"inLanguage":"es"}]}},"_links":{"self":[{"href":"https:\/\/marabjapx.com\/index.php\/wp-json\/wp\/v2\/product\/3302","targetHints":{"allow":["GET"]}}],"collection":[{"href":"https:\/\/marabjapx.com\/index.php\/wp-json\/wp\/v2\/product"}],"about":[{"href":"https:\/\/marabjapx.com\/index.php\/wp-json\/wp\/v2\/types\/product"}],"replies":[{"embeddable":true,"href":"https:\/\/marabjapx.com\/index.php\/wp-json\/wp\/v2\/comments?post=3302"}],"version-history":[{"count":0,"href":"https:\/\/marabjapx.com\/index.php\/wp-json\/wp\/v2\/product\/3302\/revisions"}],"wp:featuredmedia":[{"embeddable":true,"href":"https:\/\/marabjapx.com\/index.php\/wp-json\/wp\/v2\/media\/3281"}],"wp:attachment":[{"href":"https:\/\/marabjapx.com\/index.php\/wp-json\/wp\/v2\/media?parent=3302"}],"wp:term":[{"taxonomy":"brand","embeddable":true,"href":"https:\/\/marabjapx.com\/index.php\/wp-json\/wp\/v2\/etheme_brands?post=3302"},{"taxonomy":"product_brand","embeddable":true,"href":"https:\/\/marabjapx.com\/index.php\/wp-json\/wp\/v2\/product_brand?post=3302"},{"taxonomy":"product_cat","embeddable":true,"href":"https:\/\/marabjapx.com\/index.php\/wp-json\/wp\/v2\/product_cat?post=3302"},{"taxonomy":"product_tag","embeddable":true,"href":"https:\/\/marabjapx.com\/index.php\/wp-json\/wp\/v2\/product_tag?post=3302"}],"curies":[{"name":"wp","href":"https:\/\/api.w.org\/{rel}","templated":true}]}}